{"id":4244,"date":"2013-01-15T10:04:28","date_gmt":"2013-01-15T09:04:28","guid":{"rendered":"http:\/\/mr-spaceartist.com\/painter\/?page_id=4244"},"modified":"2015-02-07T08:55:53","modified_gmt":"2015-02-07T07:55:53","slug":"e-mail-interviews","status":"publish","type":"page","link":"https:\/\/mr-spaceartist.com\/painter\/e-mail-interviews\/","title":{"rendered":"E-Mail Interviews"},"content":{"rendered":"<p><strong>Das Leben, das Universum und der ganze Rest<\/strong><\/p>\n<p>Ich stelle verschiedenen K\u00fcnstlern und Wissenschaftlern bis zu F\u00fcnfzehn (15) Fragen. Davon sollten mindestens F\u00fcnf (5) beantwortet werden. Die F\u00fcnfzehn Fragen werden von mir per E-Mail verschickt. Der Empf\u00e4nger schickt mir seine Antwort an meine E-Mail Adresse zur\u00fcck.<\/p>\n<p>Jedem Interviewpartner stelle ich (fast) immer die selben 15 Fragen. Es geht um ihre Arbeit, ihr Leben und um unseren Platz im Universum.<\/p>\n<p>&nbsp;<\/p>\n<p>Anfangen werde ich mit dem Musiker Stephen Parsick. Er hat alle Fragen ausf\u00fchrlich beantwortet. Ein herzliches Dankesch\u00f6n an ihn!<br \/>\n<a title=\"E-Mail Interview mit dem Musiker Stephen Parsick\" href=\"https:\/\/mr-spaceartist.com\/painter\/2012\/04\/e-mail-interview-mit-dem-musiker-stephen-parsick\"><strong>E-Mail Interview mit Stephen Parsick<\/strong><\/a><br \/>\nVer\u00f6ffentlicht am 14. April 2012<\/p>\n<p>&nbsp;<\/p>\n<p>Mein E-Mail Interview mit Prof. Dr. Hans-Ulrich Keller! Er ist Gr\u00fcndungsdirektor des Planetariums Stuttgart (1976-2008) und Professor f\u00fcr Astronomie an der Universit\u00e4t Stuttgart. Er leitet die Sternwarte Welzheim und gibt seit \u00fcber 25 Jahren das &#8220;Kosmos Himmelsjahr&#8221; heraus.<br \/>\n<a title=\"E-Mail Interview mit Prof. Dr. Hans-Ulrich Keller\" href=\"https:\/\/mr-spaceartist.com\/painter\/2012\/11\/e-mail-interview-mit-prof-dr-hans-ulrich-keller\/\"><strong>E-Mail Interview mit Prof. Dr. Hans-Ulrich Keller<\/strong><\/a><br \/>\nVer\u00f6ffentlicht am 7. November 2012<\/p>\n<p>&nbsp;<\/p>\n<p>Das ging schnell. Thorsten K\u00fcper, Lehrer, Schriftsteller, Blogger, Netzb\u00fcrger und Science Fiction Autor, hat mir sofort zugesagt!<br \/>\n<a title=\"E-Mail-Interview mit Thorsten K\u00fcper\" href=\"https:\/\/mr-spaceartist.com\/painter\/2013\/01\/e-mail-interview-mit-thorsten-kuper\/\"><strong>E-Mail-Interview mit Thorsten K\u00fcper<\/strong><\/a><br \/>\nVer\u00f6ffentlicht am 23. Januar 2013<\/p>\n<p>&nbsp;<\/p>\n<p>Thorsten Ulrich H\u00fclsberg ist K\u00fcnstler, Reisenden, Autor, Blogger und Tausendsassa aus Leverkusen. Seit der Jahrtausendwende ist er in den Bereichen Kunst und Kultur aktiv.<br \/>\n<a title=\"E-Mail-Interview mit Thorsten H\u00fclsberg\" href=\"https:\/\/mr-spaceartist.com\/painter\/2013\/03\/e-mail-interview-thorsten-ulrich-hulsberg\/\" target=\"_blank\"><strong>E-Mail-Interview mit Thorsten Ulrich H\u00fclsberg<\/strong><\/a><br \/>\nVer\u00f6ffentlicht am 27. M\u00e4rz 2013<\/p>\n<p>&nbsp;<\/p>\n<p>Endlich habe ich mit einen kreativen Kopf aus meiner Heimatstadt ein E-Mail Interview f\u00fchren k\u00f6nnen: Jen Satora ist Illustratorin und betreibt eine Comiczeichenschule.<br \/>\n<a title=\"E-Mail-Interview mit Jen Satora\" href=\"https:\/\/mr-spaceartist.com\/painter\/2013\/04\/e-mail-interview-mit-jen-satora\/\"><strong>E-Mail-Interview mit Jen Satora<\/strong><\/a><br \/>\nVer\u00f6ffentlicht am 17. April 2013<\/p>\n<p>&nbsp;<\/p>\n<p>Michael Kunze ist von Beruf Wirtschaftsinformatiker. Seine Leidenschaft gilt aber der Astrofotografie, die er meisterhaft beherrscht!<br \/>\n<a title=\"E-Mail Interview mit Michael Kunze\" href=\"https:\/\/mr-spaceartist.com\/painter\/2013\/05\/e-mail-interview-mit-michael-kunze\/\" target=\"_blank\"><strong>E-Mail-Interview mit Michael Kunze<\/strong><\/a><br \/>\nVer\u00f6ffentlicht am 22. Mai 2013<\/p>\n<p>&nbsp;<\/p>\n<p>Der \u00d6sterreicher Florian Freistetter ist Wissenschaftsjournalist und sein Blog <a title=\"Zum Wissenschaftsblog astrodicticum-simplex\" href=\"http:\/\/scienceblogs.de\/astrodicticum-simplex\/\">astrodicticum-simplex<\/a> ist eines der meistgelesenen deutschsprachigen Blogs.<br \/>\n<strong><a title=\"E-Mail Interview mit Dr. Florian Freistetter\" href=\"https:\/\/mr-spaceartist.com\/painter\/2013\/06\/e-mail-interview-mit-florian-freistetter\/\">E-Mail Interview mit Dr. Florian Freistetter<\/a><\/strong><br \/>\nVer\u00f6ffentlicht am 5. Juni 2013<\/p>\n<p>&nbsp;<\/p>\n<p>Der geb\u00fcrtige Moerser K\u00fcnstler Ludger Otten lebt seit vielen Jahren in Herne. Seine Werke entstehen mit den unterschiedlichsten Werkzeugen und oft unter schwierigen Bedingungen.<br \/>\n<strong><a title=\"E-Mail Interview mit Ludger Otten\" href=\"https:\/\/mr-spaceartist.com\/painter\/e-mail-interview\/e-mail-interview-mit-ludger-otten\/\">E-Mail Interview mit Ludger Otten<\/a><\/strong><br \/>\nVer\u00f6ffentlicht am 11. September 2013<\/p>\n<p>&nbsp;<\/p>\n<p>Dr. Ralf B\u00fclow ist Ausstellungsmacher und Wissenschaftsjournalist. Er hat u.a. f\u00fcr das Deutschen Museum und dessen Forschungsinstitut in M\u00fcnchen gearbeitet. Die Webseite <a title=\"Ein R\u00fcckblick auf die Zukunft von Gestern\" href=\"http:\/\/retro-futurismus.de\" target=\"_blank\">retro-fututrismus.de<\/a> wird von ihm kuratiert.<br \/>\n<strong><a title=\"E-Mail Interview mit Dr. Ralf B\u00fclow\" href=\"https:\/\/mr-spaceartist.com\/painter\/e-mail-interview\/e-mail-interview-mit-dr-ralf-buelow\/\">E-Mail Interview mit Dr. Ralf B\u00fclow<\/a><\/strong><br \/>\nVer\u00f6ffentlicht am 09. Oktober 2013<\/p>\n<p>&nbsp;<\/p>\n<p>Michael K. Iwoleit ist Autor, \u00dcbersetzer und Mitherausgeber des deutschen <a title=\"Zur Webseite des SF-Magazins 'Nova'\" href=\"http:\/\/nova-sf.de\/\" target=\"_blank\">Science-Fiction-Magazins Nova<\/a>. Trotz seiner knappen Zeit hat der mehrfache Kurt-La\u00dfwitz Preistr\u00e4ger ausf\u00fchrlich und pointiert auf meine Fragen geantwortet.<br \/>\n<strong><a title=\"E-Mail Interview mit Michael K. Iwoleit\" href=\"https:\/\/mr-spaceartist.com\/painter\/nachrichten\/e-mail-interview-mit-michael-k-iwoleit\/\" target=\"_blank\">E-Mail Interview mit Michael K. Iwoleit<\/a><\/strong><br \/>\nVer\u00f6ffentlicht am 23. Juli 2014<\/p>\n<p>&nbsp;<\/p>\n<p>Lange hat es gedauert, aber es hat doch geklappt: der Perry Rhodan Autor Hubert Haensel hat acht meiner Fragen ausf\u00fchrlich beantwortet!<br \/>\n<strong><a title=\"Zum E-Mail Interview mit Hubert Haensel. Es \u00f6ffnet sich eine neue Seite.\" href=\"https:\/\/mr-spaceartist.com\/painter\/e-mail-interview\/e-mail-interview-mit-hubert-haensel\/\" target=\"_blank\">E-Mail Interview mit Hubert Haensel<\/a><\/strong><br \/>\nVer\u00f6ffentlicht am 07. Februar 2015<\/p>\n<p>&nbsp;<\/p>\n<p>&nbsp;<\/p>\n","protected":false},"excerpt":{"rendered":"<p>Das Leben, das Universum und der ganze Rest Ich stelle verschiedenen K\u00fcnstlern und Wissenschaftlern bis zu F\u00fcnfzehn (15) Fragen. Davon sollten mindestens F\u00fcnf (5) beantwortet werden. Die F\u00fcnfzehn Fragen werden von mir per E-Mail verschickt. Der Empf\u00e4nger schickt mir seine Antwort an meine E-Mail Adresse zur\u00fcck. Jedem Interviewpartner stelle ich (fast) immer die selben 15 [&hellip;]<\/p>\n","protected":false},"author":6,"featured_media":0,"parent":0,"menu_order":0,"comment_status":"open","ping_status":"open","template":"","meta":{"footnotes":""},"class_list":["post-4244","page","type-page","status-publish","hentry"],"_links":{"self":[{"href":"https:\/\/mr-spaceartist.com\/painter\/wp-json\/wp\/v2\/pages\/4244","targetHints":{"allow":["GET"]}}],"collection":[{"href":"https:\/\/mr-spaceartist.com\/painter\/wp-json\/wp\/v2\/pages"}],"about":[{"href":"https:\/\/mr-spaceartist.com\/painter\/wp-json\/wp\/v2\/types\/page"}],"author":[{"embeddable":true,"href":"https:\/\/mr-spaceartist.com\/painter\/wp-json\/wp\/v2\/users\/6"}],"replies":[{"embeddable":true,"href":"https:\/\/mr-spaceartist.com\/painter\/wp-json\/wp\/v2\/comments?post=4244"}],"version-history":[{"count":0,"href":"https:\/\/mr-spaceartist.com\/painter\/wp-json\/wp\/v2\/pages\/4244\/revisions"}],"wp:attachment":[{"href":"https:\/\/mr-spaceartist.com\/painter\/wp-json\/wp\/v2\/media?parent=4244"}],"curies":[{"name":"wp","href":"https:\/\/api.w.org\/{rel}","templated":true}]}}